{"id":303,"date":"2014-10-23T10:06:01","date_gmt":"2014-10-23T08:06:01","guid":{"rendered":"http:\/\/www.kuehnle-ac.de\/?page_id=303"},"modified":"2020-08-25T15:53:13","modified_gmt":"2020-08-25T13:53:13","slug":"links-zu-trainingstools-anleitungen-und-tutorials","status":"publish","type":"page","link":"https:\/\/www.kuehnle-ac.de\/?page_id=303","title":{"rendered":"Radsport speziell: Training, Software &#038; Blogs"},"content":{"rendered":"<p><a href=\"https:\/\/www.endurance-data.com\/de\/leistung-geschwindigkeit-rechner-pro\/\" target=\"_blank\" rel=\"noopener noreferrer\">endurance-data.com<\/a> &#8211; Leistung zu Geschwindigkeit &#8211; Rechner. W\u00e4hle Temperatur, H\u00f6he, Reifen, CdA, Wirkungsgrad der Schaltung und berechne die Geschwindigkeit f\u00fcr eine bestimmte Leistung. Spannend.<\/p>\n<p><a href=\"http:\/\/cyclinguphill.com\/category\/training\/\" target=\"_blank\" rel=\"noopener noreferrer\">cyclinguphill.com<\/a> &#8211; Blog von Tejvan Pettinger, britischer Radsportler und Top-Zeitfahrer. Sehr gute Einf\u00fchrung in viele Details des Zeitfahrens.<\/p>\n<p><a href=\"http:\/\/www.goldencheetah.org\/index.html\" target=\"_blank\" rel=\"noopener noreferrer\">goldencheetah.org<\/a> &#8211; GoldenCheetah, Auswertungssoftware (Open Source)<\/p>\n<p><a href=\"http:\/\/heiko.ploinger.de\/index.html\" target=\"_blank\" rel=\"noopener noreferrer\">heiko.ploinger.de<\/a> &#8211; verschiedene Methoden zur Ermittlung von Trainingsbereichen<\/p>\n<p><a href=\"http:\/\/joefriel.typepad.com\/blog\/\" target=\"_blank\" rel=\"noopener noreferrer\">joefrielsblog.com<\/a> &#8211; Joe Friel, Urheber der Trainingsbibel<\/p>\n<p><a href=\"http:\/\/markliversedge.blogspot.de\/\" target=\"_blank\" rel=\"noopener noreferrer\">markliversedge.blogspot.de<\/a> &#8211; 40 Goals, Blog von Mark Liversedge<\/p>\n<p><a href=\"https:\/\/mywindsock.com\/\">mywindsock.com\/<\/a> &#8211; Wheather for cyclists &#8211; Wie steht der Wind auf meinem Lieblings-Strava-Segment?<\/p>\n<p><a href=\"http:\/\/www.radpanther.de\/index.php?id=85\" target=\"_blank\" rel=\"noopener noreferrer\">radpanther.de<\/a> &#8211; Wattrechner und allerlei Wissenwertes rund um die Radphysik<\/p>\n<p><a href=\"http:\/\/vmrz0100.vm.ruhr-uni-bochum.de\/spomedial\/content\/e866\/e2442\/e7594\/index_ger.html\" target=\"_blank\" rel=\"noopener noreferrer\">ruhr-uni-bochum.de<\/a> &#8211; Ern\u00e4hrung und Sport, Lehrinhalt des Projekts &#8217;spomedial&#8216;, einer Kooperation einiger sportmedizinischer Lehrst\u00fchle Deutschlands<\/p>\n<p><a href=\"http:\/\/scienceblogs.de\/weitergen\/2013\/07\/neue-trainingsmethoden-warum-man-auch-ohne-doping-die-tour-de-france-gewinnen-kann\/\" target=\"_blank\" rel=\"noopener noreferrer\">scienceblogs.de<\/a> &#8211; Neue Trainingsmethoden \u2013 Warum man auch ohne Doping die Tour de France gewinnen kann<\/p>\n<p>Grundlagen zum polarisierten Trainingsmodell (Wasi l\u00e4sst gr\u00fc\u00dfen):<br \/>\n<iframe loading=\"lazy\" src=\"\/\/player.vimeo.com\/video\/98353863\" width=\"500\" height=\"325\" frameborder=\"0\" allowfullscreen=\"allowfullscreen\"><\/iframe><\/p>\n<p>Krafttraining f\u00fcr Radsportler:<br \/>\n<iframe loading=\"lazy\" src=\"\/\/player.vimeo.com\/video\/93496324\" width=\"500\" height=\"281\" frameborder=\"0\" allowfullscreen=\"allowfullscreen\"><\/iframe><\/p>\n","protected":false},"excerpt":{"rendered":"<p>endurance-data.com &#8211; Leistung zu Geschwindigkeit &#8211; Rechner. W\u00e4hle Temperatur, H\u00f6he, Reifen, CdA, Wirkungsgrad der Schaltung und berechne die Geschwindigkeit f\u00fcr eine bestimmte Leistung. Spannend. cyclinguphill.com &#8211; Blog von Tejvan Pettinger, britischer Radsportler und Top-Zeitfahrer. Sehr gute Einf\u00fchrung in viele Details des Zeitfahrens. goldencheetah.org &#8211; GoldenCheetah, Auswertungssoftware (Open Source) heiko.ploinger.de &#8211; verschiedene Methoden zur Ermittlung von [&hellip;]<\/p>\n","protected":false},"author":1,"featured_media":0,"parent":11,"menu_order":85,"comment_status":"closed","ping_status":"open","template":"","meta":{"_mc_calendar":[],"footnotes":""},"class_list":["post-303","page","type-page","status-publish","hentry"],"yoast_head":"<!-- This site is optimized with the Yoast SEO plugin v26.2 - https:\/\/yoast.com\/wordpress\/plugins\/seo\/ -->\n<title>Radsport speziell: Training, Software &amp; Blogs - [thorsten k\u00fchnle]<\/title>\n<meta name=\"robots\" content=\"index, follow, max-snippet:-1, max-image-preview:large, max-video-preview:-1\" \/>\n<link rel=\"canonical\" href=\"https:\/\/www.kuehnle-ac.de\/?page_id=303\" \/>\n<meta property=\"og:locale\" content=\"de_DE\" \/>\n<meta property=\"og:type\" content=\"article\" \/>\n<meta property=\"og:title\" content=\"Radsport speziell: Training, Software &amp; Blogs - [thorsten k\u00fchnle]\" \/>\n<meta property=\"og:description\" content=\"endurance-data.com &#8211; Leistung zu Geschwindigkeit &#8211; Rechner. W\u00e4hle Temperatur, H\u00f6he, Reifen, CdA, Wirkungsgrad der Schaltung und berechne die Geschwindigkeit f\u00fcr eine bestimmte Leistung. Spannend. cyclinguphill.com &#8211; Blog von Tejvan Pettinger, britischer Radsportler und Top-Zeitfahrer. Sehr gute Einf\u00fchrung in viele Details des Zeitfahrens. goldencheetah.org &#8211; GoldenCheetah, Auswertungssoftware (Open Source) heiko.ploinger.de &#8211; verschiedene Methoden zur Ermittlung von [&hellip;]\" \/>\n<meta property=\"og:url\" content=\"https:\/\/www.kuehnle-ac.de\/?page_id=303\" \/>\n<meta property=\"og:site_name\" content=\"[thorsten k\u00fchnle]\" \/>\n<meta property=\"article:modified_time\" content=\"2020-08-25T13:53:13+00:00\" \/>\n<meta name=\"twitter:card\" content=\"summary_large_image\" \/>\n<meta name=\"twitter:label1\" content=\"Gesch\u00e4tzte Lesezeit\" \/>\n\t<meta name=\"twitter:data1\" content=\"1\u00a0Minute\" \/>\n<script type=\"application\/ld+json\" class=\"yoast-schema-graph\">{\"@context\":\"https:\/\/schema.org\",\"@graph\":[{\"@type\":\"WebPage\",\"@id\":\"https:\/\/www.kuehnle-ac.de\/?page_id=303\",\"url\":\"https:\/\/www.kuehnle-ac.de\/?page_id=303\",\"name\":\"Radsport speziell: Training, Software & Blogs - [thorsten k\u00fchnle]\",\"isPartOf\":{\"@id\":\"https:\/\/www.kuehnle-ac.de\/#website\"},\"datePublished\":\"2014-10-23T08:06:01+00:00\",\"dateModified\":\"2020-08-25T13:53:13+00:00\",\"breadcrumb\":{\"@id\":\"https:\/\/www.kuehnle-ac.de\/?page_id=303#breadcrumb\"},\"inLanguage\":\"de\",\"potentialAction\":[{\"@type\":\"ReadAction\",\"target\":[\"https:\/\/www.kuehnle-ac.de\/?page_id=303\"]}]},{\"@type\":\"BreadcrumbList\",\"@id\":\"https:\/\/www.kuehnle-ac.de\/?page_id=303#breadcrumb\",\"itemListElement\":[{\"@type\":\"ListItem\",\"position\":1,\"name\":\"Startseite\",\"item\":\"https:\/\/www.kuehnle-ac.de\/\"},{\"@type\":\"ListItem\",\"position\":2,\"name\":\"Links\",\"item\":\"https:\/\/www.kuehnle-ac.de\/?page_id=11\"},{\"@type\":\"ListItem\",\"position\":3,\"name\":\"Radsport speziell: Training, Software &#038; Blogs\"}]},{\"@type\":\"WebSite\",\"@id\":\"https:\/\/www.kuehnle-ac.de\/#website\",\"url\":\"https:\/\/www.kuehnle-ac.de\/\",\"name\":\"[thorsten k\u00fchnle]\",\"description\":\"[if you make mistakes make them with style]\",\"potentialAction\":[{\"@type\":\"SearchAction\",\"target\":{\"@type\":\"EntryPoint\",\"urlTemplate\":\"https:\/\/www.kuehnle-ac.de\/?s={search_term_string}\"},\"query-input\":{\"@type\":\"PropertyValueSpecification\",\"valueRequired\":true,\"valueName\":\"search_term_string\"}}],\"inLanguage\":\"de\"}]}<\/script>\n<!-- \/ Yoast SEO plugin. -->","yoast_head_json":{"title":"Radsport speziell: Training, Software & Blogs - [thorsten k\u00fchnle]","robots":{"index":"index","follow":"follow","max-snippet":"max-snippet:-1","max-image-preview":"max-image-preview:large","max-video-preview":"max-video-preview:-1"},"canonical":"https:\/\/www.kuehnle-ac.de\/?page_id=303","og_locale":"de_DE","og_type":"article","og_title":"Radsport speziell: Training, Software & Blogs - [thorsten k\u00fchnle]","og_description":"endurance-data.com &#8211; Leistung zu Geschwindigkeit &#8211; Rechner. W\u00e4hle Temperatur, H\u00f6he, Reifen, CdA, Wirkungsgrad der Schaltung und berechne die Geschwindigkeit f\u00fcr eine bestimmte Leistung. Spannend. cyclinguphill.com &#8211; Blog von Tejvan Pettinger, britischer Radsportler und Top-Zeitfahrer. Sehr gute Einf\u00fchrung in viele Details des Zeitfahrens. goldencheetah.org &#8211; GoldenCheetah, Auswertungssoftware (Open Source) heiko.ploinger.de &#8211; verschiedene Methoden zur Ermittlung von [&hellip;]","og_url":"https:\/\/www.kuehnle-ac.de\/?page_id=303","og_site_name":"[thorsten k\u00fchnle]","article_modified_time":"2020-08-25T13:53:13+00:00","twitter_card":"summary_large_image","twitter_misc":{"Gesch\u00e4tzte Lesezeit":"1\u00a0Minute"},"schema":{"@context":"https:\/\/schema.org","@graph":[{"@type":"WebPage","@id":"https:\/\/www.kuehnle-ac.de\/?page_id=303","url":"https:\/\/www.kuehnle-ac.de\/?page_id=303","name":"Radsport speziell: Training, Software & Blogs - [thorsten k\u00fchnle]","isPartOf":{"@id":"https:\/\/www.kuehnle-ac.de\/#website"},"datePublished":"2014-10-23T08:06:01+00:00","dateModified":"2020-08-25T13:53:13+00:00","breadcrumb":{"@id":"https:\/\/www.kuehnle-ac.de\/?page_id=303#breadcrumb"},"inLanguage":"de","potentialAction":[{"@type":"ReadAction","target":["https:\/\/www.kuehnle-ac.de\/?page_id=303"]}]},{"@type":"BreadcrumbList","@id":"https:\/\/www.kuehnle-ac.de\/?page_id=303#breadcrumb","itemListElement":[{"@type":"ListItem","position":1,"name":"Startseite","item":"https:\/\/www.kuehnle-ac.de\/"},{"@type":"ListItem","position":2,"name":"Links","item":"https:\/\/www.kuehnle-ac.de\/?page_id=11"},{"@type":"ListItem","position":3,"name":"Radsport speziell: Training, Software &#038; Blogs"}]},{"@type":"WebSite","@id":"https:\/\/www.kuehnle-ac.de\/#website","url":"https:\/\/www.kuehnle-ac.de\/","name":"[thorsten k\u00fchnle]","description":"[if you make mistakes make them with style]","potentialAction":[{"@type":"SearchAction","target":{"@type":"EntryPoint","urlTemplate":"https:\/\/www.kuehnle-ac.de\/?s={search_term_string}"},"query-input":{"@type":"PropertyValueSpecification","valueRequired":true,"valueName":"search_term_string"}}],"inLanguage":"de"}]}},"_links":{"self":[{"href":"https:\/\/www.kuehnle-ac.de\/index.php?rest_route=\/wp\/v2\/pages\/303","targetHints":{"allow":["GET"]}}],"collection":[{"href":"https:\/\/www.kuehnle-ac.de\/index.php?rest_route=\/wp\/v2\/pages"}],"about":[{"href":"https:\/\/www.kuehnle-ac.de\/index.php?rest_route=\/wp\/v2\/types\/page"}],"author":[{"embeddable":true,"href":"https:\/\/www.kuehnle-ac.de\/index.php?rest_route=\/wp\/v2\/users\/1"}],"replies":[{"embeddable":true,"href":"https:\/\/www.kuehnle-ac.de\/index.php?rest_route=%2Fwp%2Fv2%2Fcomments&post=303"}],"version-history":[{"count":31,"href":"https:\/\/www.kuehnle-ac.de\/index.php?rest_route=\/wp\/v2\/pages\/303\/revisions"}],"predecessor-version":[{"id":1259,"href":"https:\/\/www.kuehnle-ac.de\/index.php?rest_route=\/wp\/v2\/pages\/303\/revisions\/1259"}],"up":[{"embeddable":true,"href":"https:\/\/www.kuehnle-ac.de\/index.php?rest_route=\/wp\/v2\/pages\/11"}],"wp:attachment":[{"href":"https:\/\/www.kuehnle-ac.de\/index.php?rest_route=%2Fwp%2Fv2%2Fmedia&parent=303"}],"curies":[{"name":"wp","href":"https:\/\/api.w.org\/{rel}","templated":true}]}}